{"id":2059,"date":"2023-12-09T10:06:30","date_gmt":"2023-12-09T13:06:30","guid":{"rendered":"https:\/\/ceciaguero.com\/?page_id=2059"},"modified":"2024-03-26T12:55:48","modified_gmt":"2024-03-26T15:55:48","slug":"hijos-del-sol-y-la-luna","status":"publish","type":"page","link":"https:\/\/ceciaguero.com\/index.php\/hijos-del-sol-y-la-luna\/","title":{"rendered":"Hijos del sol y la luna"},"content":{"rendered":"\n<div class=\"wp-block-uagb-container uagb-block-e6dd0616 alignfull uagb-is-root-container\"><div class=\"uagb-container-inner-blocks-wrap\">\n<div class=\"wp-block-uagb-container uagb-block-1dedf917\">\n<div class=\"wp-block-uagb-image aligncenter uagb-block-6f03ca1c wp-block-uagb-image--layout-default wp-block-uagb-image--effect-static wp-block-uagb-image--align-center\"><figure class=\"wp-block-uagb-image__figure\"><img decoding=\"async\" srcset=\"https:\/\/ceciaguero.com\/wp-content\/uploads\/2023\/11\/1_baja.jpg ,https:\/\/ceciaguero.com\/wp-content\/uploads\/2023\/11\/1_baja.jpg 780w, https:\/\/ceciaguero.com\/wp-content\/uploads\/2023\/11\/1_baja.jpg 360w\" sizes=\"auto, (max-width: 480px) 150px\" src=\"https:\/\/ceciaguero.com\/wp-content\/uploads\/2023\/11\/1_baja.jpg\" alt=\"\" class=\"uag-image-1927\" width=\"350\" height=\"581\" title=\"\" loading=\"lazy\" role=\"img\"\/><\/figure><\/div>\n<\/div>\n\n\n\n<div class=\"wp-block-uagb-container uagb-block-52e64759\">\n<div class=\"wp-block-uagb-info-box uagb-block-3ec49075 uagb-infobox__content-wrap  uagb-infobox-icon-above-title uagb-infobox-image-valign-top\"><div class=\"uagb-ifb-content\"><div class=\"uagb-ifb-title-wrap\"><h3 class=\"uagb-ifb-title-prefix\">Bilog\u00eda Ipati &#8211; Primera parte<\/h3><h2 class=\"uagb-ifb-title\">Hijos del Sol y la Luna<\/h2><\/div><p class=\"uagb-ifb-desc\">En los pueblos de la costa, el mundo est\u00e1 bien delimitado, y no solo por el <strong>dios Serpiente, el Elisio,<\/strong> que cruza la tierra y ofrece sustento a sus poblaciones. Los hijos del sol est\u00e1n de un lado, y los hijos de la luna, del otro. Su odio se remonta varias generaciones, y es el r\u00edo el que consigue amainar la rivalidad y el dolor.<br><br>Sin embargo, cuando en <strong>Ciudad Rea<\/strong>l decidan dar un perezoso paso en favor de la paz, los hijos de la luna abandonan su tierra yerma y arrasada para convivir con los hijos del sol, y <strong>Cati<\/strong> se encuentra cara a cara con la personificaci\u00f3n de todos sus miedos.<br><br>A pesar de que su hermana <strong>Cila<\/strong> intente mantenerla al margen de los reci\u00e9n llegados, Cati descubrir\u00e1 que el rencor que sienten los suyos por esos hombres extra\u00f1os en realidad no le pertenece. Por el contrario, desea saber qu\u00e9 es lo que los hace tan diferentes y, en especial, qui\u00e9n es el muchachito llamado <strong>Marco<\/strong> que no deja de cruzarse en su vida. Cila tratar\u00e1 de alejarla de \u00e9l, sin darse cuenta de que su destino comienza a enredarse con el de <strong>Fabian,<\/strong> el futuro l\u00edder de los p\u00e1lidos hijos de la luna.<br>A trav\u00e9s del contacto con los del otro lado, el equilibrio en el mundo de Ipati parece no querer llegar, quebrado por prejuicios, odios profundos y temores mal mezclados que Cati y Marco deber\u00e1n superar para poder demostrar que la paz es posible y el mundo est\u00e1 listo para un acercamiento real.<br><br><strong><em>\u00bfSer\u00e1n capaces de convencer incluso a sus afectos m\u00e1s cercanos, Cila y Fabian, que lucen dispuestos a detestarse por el resto de la eternidad?<\/em><\/strong><br><br><br><\/p><\/div><\/div>\n<\/div>\n<\/div><\/div>\n\n\n\n<div class=\"wp-block-uagb-container uagb-block-236d629a alignfull uagb-is-root-container\"><div class=\"uagb-container__shape uagb-container__shape-top\"><svg xmlns=\"https:\/\/www.w3.org\/2000\/svg\" viewBox=\"0 0 700 10\" preserveAspectRatio=\"none\"><path class=\"uagb-container__shape-fill\" d=\"M350,10L340,0h20L350,10z\"><\/path><\/svg><\/div><div class=\"uagb-container-inner-blocks-wrap\">\n<div class=\"wp-block-uagb-container uagb-block-b50044db\">\n<div class=\"wp-block-uagb-testimonial uagb-slick-carousel uagb-tm__arrow-outside uagb-block-a9e2a9a7\"><div class=\"is-carousel uagb-tm__columns-1 uagb-tm__items\"><div class=\"uagb-testimonial__wrap  uagb-tm__imgicon-style-circle uagb-tm__image-position-bottom uagb-tm__bg-type-none \"><div class=\"uagb-tm__content\"><div class=\"uagb-tm__overlay\"><\/div><div class=\"uagb-tm__text-wrap\"><div class=\"uagb-tm__desc\">Es un libro precioso con el racismo como tem\u00e1tica principal.<br>Me he quedado con ganas de seguir conociendo a los personajes y sus historias,<br>as\u00ed que estoy deseando leer la segunda parte.<\/div><div class=\"uagb-tm__meta-inner\"><div class=\"uagb-tm__image-content\"><div class=\"uagb-tm__image\"><img decoding=\"async\" class=\"uagb-tm-img-src\" src=\"https:\/\/ceciaguero.com\/wp-content\/uploads\/2024\/03\/1-150x150.jpg\" alt=\"\" width=\"60\" height=\"60\" loading=\"lazy\"\/><\/div><\/div><div class=\"uagb-testimonial-details\"><span class=\"uagb-tm__author-name\"><a href=\"https:\/\/www.goodreads.com\/user\/show\/165695544-luciewolf\">LucieWolf<\/a><\/span><span class=\"uagb-tm__company\">Goodreads<\/span><\/div><\/div><\/div><\/div><\/div><div class=\"uagb-testimonial__wrap  uagb-tm__imgicon-style-circle uagb-tm__image-position-bottom uagb-tm__bg-type-none \"><div class=\"uagb-tm__content\"><div class=\"uagb-tm__overlay\"><\/div><div class=\"uagb-tm__text-wrap\"><div class=\"uagb-tm__desc\">Es el principio de una bilog\u00eda dist\u00f3pica, donde nos encontraremos temas tan importantes que ser\u00e1 imposible parar de leer. Cuando la vi en las novedades de al editorial, sab\u00eda que la iba a leer. Si llegara a tener m\u00e1s repercusi\u00f3n, ser\u00eda tremenda la novela.<br>Tenemos a dos hermanas morenas que no se pueden juntar con los blancos, por eso de que los hijos del sol no se juntan con los de la luna. Por eso es una historia de miedos, odios, donde el amor est\u00e1 muy presente. Rompe con muchos estereotipos y nos muestra a una de las protagonistas que es muda, representaci\u00f3n al 100%. El final es tremendo, no s\u00e9 si voy a ser capaz de esperar hasta oto\u00f1o para leer la segunda parte.<\/div><div class=\"uagb-tm__meta-inner\"><div class=\"uagb-tm__image-content\"><div class=\"uagb-tm__image\"><img decoding=\"async\" class=\"uagb-tm-img-src\" src=\"https:\/\/ceciaguero.com\/wp-content\/uploads\/2024\/03\/2-150x150.jpg\" alt=\"\" width=\"60\" height=\"60\" loading=\"lazy\"\/><\/div><\/div><div class=\"uagb-testimonial-details\"><span class=\"uagb-tm__author-name\"><a href=\"https:\/\/www.goodreads.com\/user\/show\/51057626-noelautnerstory\">NoeLautnerStory<\/a><\/span><span class=\"uagb-tm__company\">Goodreads<\/span><\/div><\/div><\/div><\/div><\/div><\/div><\/div>\n<\/div>\n<\/div><\/div>\n\n\n\n<div class=\"wp-block-uagb-container uagb-block-3e5e916d alignfull uagb-is-root-container\"><div class=\"uagb-container-inner-blocks-wrap\">\n<div class=\"wp-block-uagb-container uagb-block-675e041b alignfull uagb-is-root-container\"><div class=\"uagb-container-inner-blocks-wrap\">\n<div class=\"wp-block-uagb-buttons uagb-buttons__outer-wrap uagb-btn__default-btn uagb-btn-tablet__default-btn uagb-btn-mobile__default-btn uagb-block-976434d7\"><div class=\"uagb-buttons__wrap uagb-buttons-layout-wrap\">\n<div class=\"wp-block-uagb-buttons-child uagb-buttons__outer-wrap uagb-block-7ef4d719 wp-block-button\"><div class=\"uagb-button__wrapper\"><a class=\"uagb-buttons-repeater wp-block-button__link\" aria-label=\"\" href=\"https:\/\/ceciaguero.com\/\" rel=\"follow noopener\" target=\"_self\"><span class=\"uagb-button__icon uagb-button__icon-position-before\"><svg xmlns=\"https:\/\/www.w3.org\/2000\/svg\" viewBox=\"0 0 512 512\" aria-hidden=\"true\" focussable=\"false\"><path d=\"M9.375 233.4l128-128c12.5-12.5 32.75-12.5 45.25 0s12.5 32.75 0 45.25L109.3 224H480c17.69 0 32 14.31 32 32s-14.31 32-32 32H109.3l73.38 73.38c12.5 12.5 12.5 32.75 0 45.25c-12.49 12.49-32.74 12.51-45.25 0l-128-128C-3.125 266.1-3.125 245.9 9.375 233.4z\"><\/path><\/svg><\/span><div class=\"uagb-button__link\">Inicio<\/div><\/a><\/div><\/div>\n<\/div><\/div>\n<\/div><\/div>\n<\/div><\/div>\n","protected":false},"excerpt":{"rendered":"","protected":false},"author":1,"featured_media":0,"parent":0,"menu_order":0,"comment_status":"closed","ping_status":"closed","template":"","meta":{"_uag_custom_page_level_css":"","site-sidebar-layout":"no-sidebar","site-content-layout":"page-builder","ast-site-content-layout":"full-width-container","site-content-style":"unboxed","site-sidebar-style":"unboxed","ast-global-header-display":"","ast-banner-title-visibility":"","ast-main-header-display":"","ast-hfb-above-header-display":"","ast-hfb-below-header-display":"","ast-hfb-mobile-header-display":"","site-post-title":"disabled","ast-breadcrumbs-content":"disabled","ast-featured-img":"disabled","footer-sml-layout":"","theme-transparent-header-meta":"enabled","adv-header-id-meta":"","stick-header-meta":"","header-above-stick-meta":"","header-main-stick-meta":"","header-below-stick-meta":"","astra-migrate-meta-layouts":"set","ast-page-background-enabled":"default","ast-page-background-meta":{"desktop":{"background-color":"var(--ast-global-color-4)","background-image":"","background-repeat":"repeat","background-position":"center center","background-size":"auto","background-attachment":"scroll","background-type":"","background-media":"","overlay-type":"","overlay-color":"","overlay-gradient":""},"tablet":{"background-color":"","background-image":"","background-repeat":"repeat","background-position":"center center","background-size":"auto","background-attachment":"scroll","background-type":"","background-media":"","overlay-type":"","overlay-color":"","overlay-gradient":""},"mobile":{"background-color":"","background-image":"","background-repeat":"repeat","background-position":"center center","background-size":"auto","background-attachment":"scroll","background-type":"","background-media":"","overlay-type":"","overlay-color":"","overlay-gradient":""}},"ast-content-background-meta":{"desktop":{"background-color":"var(--ast-global-color-5)","background-image":"","background-repeat":"repeat","background-position":"center center","background-size":"auto","background-attachment":"scroll","background-type":"","background-media":"","overlay-type":"","overlay-color":"","overlay-gradient":""},"tablet":{"background-color":"var(--ast-global-color-5)","background-image":"","background-repeat":"repeat","background-position":"center center","background-size":"auto","background-attachment":"scroll","background-type":"","background-media":"","overlay-type":"","overlay-color":"","overlay-gradient":""},"mobile":{"background-color":"var(--ast-global-color-5)","background-image":"","background-repeat":"repeat","background-position":"center center","background-size":"auto","background-attachment":"scroll","background-type":"","background-media":"","overlay-type":"","overlay-color":"","overlay-gradient":""}},"footnotes":""},"class_list":["post-2059","page","type-page","status-publish","hentry"],"uagb_featured_image_src":{"full":false,"thumbnail":false,"medium":false,"medium_large":false,"large":false,"1536x1536":false,"2048x2048":false},"uagb_author_info":{"display_name":"cecizneh","author_link":"https:\/\/ceciaguero.com\/index.php\/author\/cecizneh\/"},"uagb_comment_info":0,"uagb_excerpt":null,"_links":{"self":[{"href":"https:\/\/ceciaguero.com\/index.php\/wp-json\/wp\/v2\/pages\/2059","targetHints":{"allow":["GET"]}}],"collection":[{"href":"https:\/\/ceciaguero.com\/index.php\/wp-json\/wp\/v2\/pages"}],"about":[{"href":"https:\/\/ceciaguero.com\/index.php\/wp-json\/wp\/v2\/types\/page"}],"author":[{"embeddable":true,"href":"https:\/\/ceciaguero.com\/index.php\/wp-json\/wp\/v2\/users\/1"}],"replies":[{"embeddable":true,"href":"https:\/\/ceciaguero.com\/index.php\/wp-json\/wp\/v2\/comments?post=2059"}],"version-history":[{"count":22,"href":"https:\/\/ceciaguero.com\/index.php\/wp-json\/wp\/v2\/pages\/2059\/revisions"}],"predecessor-version":[{"id":2294,"href":"https:\/\/ceciaguero.com\/index.php\/wp-json\/wp\/v2\/pages\/2059\/revisions\/2294"}],"wp:attachment":[{"href":"https:\/\/ceciaguero.com\/index.php\/wp-json\/wp\/v2\/media?parent=2059"}],"curies":[{"name":"wp","href":"https:\/\/api.w.org\/{rel}","templated":true}]}}