{"id":2092,"date":"2023-12-09T11:29:47","date_gmt":"2023-12-09T14:29:47","guid":{"rendered":"https:\/\/ceciaguero.com\/?page_id=2092"},"modified":"2024-03-26T12:35:56","modified_gmt":"2024-03-26T15:35:56","slug":"la-cancion-de-las-hermanas","status":"publish","type":"page","link":"https:\/\/ceciaguero.com\/index.php\/la-cancion-de-las-hermanas\/","title":{"rendered":"La cancion de las hermanas"},"content":{"rendered":"\n<div class=\"wp-block-uagb-container uagb-block-e6dd0616 alignfull uagb-is-root-container\"><div class=\"uagb-container-inner-blocks-wrap\">\n<div class=\"wp-block-uagb-container uagb-block-1a07952f alignfull uagb-is-root-container\"><div class=\"uagb-container-inner-blocks-wrap\">\n<div class=\"wp-block-uagb-image aligncenter uagb-block-a5e4aac9 wp-block-uagb-image--layout-default wp-block-uagb-image--effect-static wp-block-uagb-image--align-center\"><figure class=\"wp-block-uagb-image__figure\"><img decoding=\"async\" srcset=\"https:\/\/ceciaguero.com\/wp-content\/uploads\/2023\/11\/3.jpg ,https:\/\/ceciaguero.com\/wp-content\/uploads\/2023\/11\/3.jpg 780w, https:\/\/ceciaguero.com\/wp-content\/uploads\/2023\/11\/3.jpg 360w\" sizes=\"auto, (max-width: 480px) 150px\" src=\"https:\/\/ceciaguero.com\/wp-content\/uploads\/2023\/11\/3.jpg\" alt=\"\" class=\"uag-image-1803\" width=\"336\" height=\"514\" title=\"\" loading=\"lazy\"\/><\/figure><\/div>\n<\/div><\/div>\n\n\n\n<div class=\"wp-block-uagb-container uagb-block-52e64759\">\n<div class=\"wp-block-uagb-info-box uagb-block-3ec49075 uagb-infobox__content-wrap  uagb-infobox-icon-above-title uagb-infobox-image-valign-top\"><div class=\"uagb-ifb-content\"><div class=\"uagb-ifb-title-wrap\"><h3 class=\"uagb-ifb-title-prefix\">Paganismo, guerra, amor y los grandes misterios del ser humano<\/h3><h2 class=\"uagb-ifb-title\">La canci\u00f3n de las hermanas<\/h2><\/div><p class=\"uagb-ifb-desc\"><em>Una canci\u00f3n contiene el destino: la peste, la guerra, el hambre, la muerte en lo que se canta sobre dos hermanas brujas.<\/em><br><br>En los campos del sur de Inglaterra, una canci\u00f3n se canta en susurros, se usa como maldici\u00f3n en juegos infantiles.<br><strong>Dos hermanas pueden invocar al mal si usan flores prohibidas.<br><\/strong>Pueden hacer que la desgracia se ci\u00f1a sobre la vida en el pueblo.<br><br>En la Inglaterra medieval, la superstici\u00f3n explica todo lo desconocido. Se trata de un pa\u00eds en una guerra continua con Francia, se trata de un pa\u00eds diezmado en la pobreza de sus campesinos. En ese contexto de lucha y hambre, cualquier enfermedad que desate es culpa de la brujer\u00eda, actividad que parece exclusiva de las mujeres, a quienes la sociedad usa de chivo expiatorio para los males que la atormentan.<br><br>Esta es la historia de dos mujeres que se sienten hermanadas; de la b\u00fasqueda que hacen para curar a los que son aquejados por una extra\u00f1a enfermedad; de sus experimentos con la belladona, una flor maldita; de la condena por brujer\u00eda que se cierne sobre ellas. Tambi\u00e9n es una historia sobre el paganismo, la guerra, la peste, el sexo y el amor que crecen en medio de los crueles inviernos. Y, por \u00faltimo, es una <strong>historia sobre la ignorancia de los hombres en inculpar de lo terrible a las mujeres.<\/strong><br><\/p><\/div><\/div>\n<\/div>\n<\/div><\/div>\n\n\n\n<div class=\"wp-block-uagb-container uagb-block-15735559 alignfull uagb-is-root-container\"><div class=\"uagb-container__shape uagb-container__shape-top\"><svg xmlns=\"https:\/\/www.w3.org\/2000\/svg\" viewBox=\"0 0 700 10\" preserveAspectRatio=\"none\"><path class=\"uagb-container__shape-fill\" d=\"M350,10L340,0h20L350,10z\"><\/path><\/svg><\/div><div class=\"uagb-container-inner-blocks-wrap\">\n<div class=\"wp-block-uagb-container uagb-block-0e96c4c4\">\n<div class=\"wp-block-uagb-testimonial uagb-slick-carousel uagb-tm__arrow-outside uagb-block-c3755eb3\"><div class=\"is-carousel uagb-tm__columns-1 uagb-tm__items\"><div class=\"uagb-testimonial__wrap  uagb-tm__imgicon-style-circle uagb-tm__image-position-bottom uagb-tm__bg-type-none \"><div class=\"uagb-tm__content\"><div class=\"uagb-tm__overlay\"><\/div><div class=\"uagb-tm__text-wrap\"><div class=\"uagb-tm__desc\">Est\u00e1 situado en Inglaterra medieval cuando las supersticiones ten\u00edan mucha importancia. Cuando una guerra continua con Francia va hundiendo a la poblaci\u00f3n en la m\u00e1s absoluta pobreza, gente de campo, sacrificada y luchadora. Todo mal que se desate es culpa de la brujer\u00eda . Que como siempre era adjudicada a las mujeres. Y esta historia es de dos hermanas que buscan c\u00f3mo curar tantos males.<br>Ellas experimentan con diferentes hierbas y flores . La trama nos habla de persecuci\u00f3n, costumbres paganas , pestes y crueldades.<br><strong>Un libro recomendado, una historia de las que me gusta mucho leer.<\/strong><\/div><div class=\"uagb-tm__meta-inner\"><div class=\"uagb-tm__image-content\"><div class=\"uagb-tm__image\"><img decoding=\"async\" class=\"uagb-tm-img-src\" src=\"https:\/\/ceciaguero.com\/wp-content\/uploads\/2024\/01\/1-1.jpg\" alt=\"\" width=\"60\" height=\"60\" loading=\"lazy\"\/><\/div><\/div><div class=\"uagb-testimonial-details\"><span class=\"uagb-tm__author-name\">@miriam_leyendo<\/span><span class=\"uagb-tm__company\">Instagram<\/span><\/div><\/div><\/div><\/div><\/div><div class=\"uagb-testimonial__wrap  uagb-tm__imgicon-style-circle uagb-tm__image-position-bottom uagb-tm__bg-type-none \"><div class=\"uagb-tm__content\"><div class=\"uagb-tm__overlay\"><\/div><div class=\"uagb-tm__text-wrap\"><div class=\"uagb-tm__desc\">Encantada de haberme topado con esta maravillosa novela. Una historia profunda y llena de muchos giros contada por personajes redondos de los que me enamor\u00e9 en tan solo unas p\u00e1ginas. La pluma de Cecilia es una a la que definitivamente regresar\u00e9 en el futuro.<\/div><div class=\"uagb-tm__meta-inner\"><div class=\"uagb-tm__image-content\"><div class=\"uagb-tm__image\"><img decoding=\"async\" class=\"uagb-tm-img-src\" src=\"https:\/\/ceciaguero.com\/wp-content\/uploads\/2024\/01\/2-1-150x150.jpg\" alt=\"\" width=\"60\" height=\"60\" loading=\"lazy\"\/><\/div><\/div><div class=\"uagb-testimonial-details\"><span class=\"uagb-tm__author-name\">Jorgimar G\u00f3mez<\/span><span class=\"uagb-tm__company\">Goodreads<\/span><\/div><\/div><\/div><\/div><\/div><\/div><\/div>\n<\/div>\n<\/div><\/div>\n\n\n\n<div class=\"wp-block-uagb-container uagb-block-3e5e916d alignfull uagb-is-root-container\"><div class=\"uagb-container-inner-blocks-wrap\">\n<div class=\"wp-block-uagb-container uagb-block-675e041b alignfull uagb-is-root-container\"><div class=\"uagb-container-inner-blocks-wrap\">\n<div class=\"wp-block-uagb-buttons uagb-buttons__outer-wrap uagb-btn__default-btn uagb-btn-tablet__default-btn uagb-btn-mobile__default-btn uagb-block-976434d7\"><div class=\"uagb-buttons__wrap uagb-buttons-layout-wrap\">\n<div class=\"wp-block-uagb-buttons-child uagb-buttons__outer-wrap uagb-block-7ef4d719 wp-block-button\"><div class=\"uagb-button__wrapper\"><a class=\"uagb-buttons-repeater wp-block-button__link\" href=\"https:\/\/ceciaguero.com\/\" onclick=\"return true;\" rel=\"follow noopener\" target=\"_self\"><span class=\"uagb-button__icon uagb-button__icon-position-before\"><svg xmlns=\"https:\/\/www.w3.org\/2000\/svg\" viewBox=\"0 0 512 512\"><path d=\"M9.375 233.4l128-128c12.5-12.5 32.75-12.5 45.25 0s12.5 32.75 0 45.25L109.3 224H480c17.69 0 32 14.31 32 32s-14.31 32-32 32H109.3l73.38 73.38c12.5 12.5 12.5 32.75 0 45.25c-12.49 12.49-32.74 12.51-45.25 0l-128-128C-3.125 266.1-3.125 245.9 9.375 233.4z\"><\/path><\/svg><\/span><div class=\"uagb-button__link\">Inicio<\/div><\/a><\/div><\/div>\n<\/div><\/div>\n<\/div><\/div>\n<\/div><\/div>\n","protected":false},"excerpt":{"rendered":"","protected":false},"author":1,"featured_media":0,"parent":0,"menu_order":0,"comment_status":"closed","ping_status":"closed","template":"","meta":{"_uag_custom_page_level_css":"","site-sidebar-layout":"no-sidebar","site-content-layout":"page-builder","ast-site-content-layout":"full-width-container","site-content-style":"unboxed","site-sidebar-style":"unboxed","ast-global-header-display":"","ast-banner-title-visibility":"","ast-main-header-display":"","ast-hfb-above-header-display":"","ast-hfb-below-header-display":"","ast-hfb-mobile-header-display":"","site-post-title":"disabled","ast-breadcrumbs-content":"disabled","ast-featured-img":"disabled","footer-sml-layout":"","theme-transparent-header-meta":"enabled","adv-header-id-meta":"","stick-header-meta":"","header-above-stick-meta":"","header-main-stick-meta":"","header-below-stick-meta":"","astra-migrate-meta-layouts":"set","ast-page-background-enabled":"default","ast-page-background-meta":{"desktop":{"background-color":"var(--ast-global-color-4)","background-image":"","background-repeat":"repeat","background-position":"center center","background-size":"auto","background-attachment":"scroll","background-type":"","background-media":"","overlay-type":"","overlay-color":"","overlay-gradient":""},"tablet":{"background-color":"","background-image":"","background-repeat":"repeat","background-position":"center center","background-size":"auto","background-attachment":"scroll","background-type":"","background-media":"","overlay-type":"","overlay-color":"","overlay-gradient":""},"mobile":{"background-color":"","background-image":"","background-repeat":"repeat","background-position":"center center","background-size":"auto","background-attachment":"scroll","background-type":"","background-media":"","overlay-type":"","overlay-color":"","overlay-gradient":""}},"ast-content-background-meta":{"desktop":{"background-color":"var(--ast-global-color-5)","background-image":"","background-repeat":"repeat","background-position":"center center","background-size":"auto","background-attachment":"scroll","background-type":"","background-media":"","overlay-type":"","overlay-color":"","overlay-gradient":""},"tablet":{"background-color":"var(--ast-global-color-5)","background-image":"","background-repeat":"repeat","background-position":"center center","background-size":"auto","background-attachment":"scroll","background-type":"","background-media":"","overlay-type":"","overlay-color":"","overlay-gradient":""},"mobile":{"background-color":"var(--ast-global-color-5)","background-image":"","background-repeat":"repeat","background-position":"center center","background-size":"auto","background-attachment":"scroll","background-type":"","background-media":"","overlay-type":"","overlay-color":"","overlay-gradient":""}},"footnotes":""},"class_list":["post-2092","page","type-page","status-publish","hentry"],"uagb_featured_image_src":{"full":false,"thumbnail":false,"medium":false,"medium_large":false,"large":false,"1536x1536":false,"2048x2048":false},"uagb_author_info":{"display_name":"cecizneh","author_link":"https:\/\/ceciaguero.com\/index.php\/author\/cecizneh\/"},"uagb_comment_info":0,"uagb_excerpt":null,"_links":{"self":[{"href":"https:\/\/ceciaguero.com\/index.php\/wp-json\/wp\/v2\/pages\/2092","targetHints":{"allow":["GET"]}}],"collection":[{"href":"https:\/\/ceciaguero.com\/index.php\/wp-json\/wp\/v2\/pages"}],"about":[{"href":"https:\/\/ceciaguero.com\/index.php\/wp-json\/wp\/v2\/types\/page"}],"author":[{"embeddable":true,"href":"https:\/\/ceciaguero.com\/index.php\/wp-json\/wp\/v2\/users\/1"}],"replies":[{"embeddable":true,"href":"https:\/\/ceciaguero.com\/index.php\/wp-json\/wp\/v2\/comments?post=2092"}],"version-history":[{"count":32,"href":"https:\/\/ceciaguero.com\/index.php\/wp-json\/wp\/v2\/pages\/2092\/revisions"}],"predecessor-version":[{"id":2265,"href":"https:\/\/ceciaguero.com\/index.php\/wp-json\/wp\/v2\/pages\/2092\/revisions\/2265"}],"wp:attachment":[{"href":"https:\/\/ceciaguero.com\/index.php\/wp-json\/wp\/v2\/media?parent=2092"}],"curies":[{"name":"wp","href":"https:\/\/api.w.org\/{rel}","templated":true}]}}