{"id":2105,"date":"2023-12-09T12:02:13","date_gmt":"2023-12-09T15:02:13","guid":{"rendered":"https:\/\/ceciaguero.com\/?page_id=2105"},"modified":"2024-01-13T17:21:22","modified_gmt":"2024-01-13T20:21:22","slug":"tu-luz-en-mis-manos","status":"publish","type":"page","link":"https:\/\/ceciaguero.com\/index.php\/tu-luz-en-mis-manos\/","title":{"rendered":"Tu luz en mis manos"},"content":{"rendered":"\n<div class=\"wp-block-uagb-container uagb-block-e6dd0616 alignfull uagb-is-root-container\"><div class=\"uagb-container-inner-blocks-wrap\">\n<div class=\"wp-block-uagb-container uagb-block-1dedf917\">\n<div class=\"wp-block-uagb-image aligncenter uagb-block-6f03ca1c wp-block-uagb-image--layout-default wp-block-uagb-image--effect-static wp-block-uagb-image--align-center\"><figure class=\"wp-block-uagb-image__figure\"><img decoding=\"async\" srcset=\"https:\/\/ceciaguero.com\/wp-content\/uploads\/2023\/11\/5.jpg ,https:\/\/ceciaguero.com\/wp-content\/uploads\/2023\/11\/5.jpg 780w, https:\/\/ceciaguero.com\/wp-content\/uploads\/2023\/11\/5.jpg 360w\" sizes=\"auto, (max-width: 480px) 150px\" src=\"https:\/\/ceciaguero.com\/wp-content\/uploads\/2023\/11\/5.jpg\" alt=\"\" class=\"uag-image-1805\" width=\"350\" height=\"581\" title=\"\" loading=\"lazy\"\/><\/figure><\/div>\n<\/div>\n\n\n\n<div class=\"wp-block-uagb-container uagb-block-52e64759\">\n<div class=\"wp-block-uagb-info-box uagb-block-3ec49075 uagb-infobox__content-wrap  uagb-infobox-icon-above-title uagb-infobox-image-valign-top\"><div class=\"uagb-ifb-content\"><div class=\"uagb-ifb-title-wrap\"><h3 class=\"uagb-ifb-title-prefix\">\u00bfSer\u00e1 posible encontrar la luz en un sitio que jam\u00e1s hubiesen imaginado?<\/h3><h2 class=\"uagb-ifb-title\">Tu luz en mis manos<\/h2><\/div><p class=\"uagb-ifb-desc\">s. XVIII. <strong>L\u00e9a<\/strong> regenta junto con su hermano una encomiable librer\u00eda que alimenta las mentes voraces y curiosas de Nantes. Su misi\u00f3n es ofrecer, de tapadillo, materiales prohibidos por la corona: largos pasajes er\u00f3ticos, l\u00e1minas ilustradas con escenas voyeristas e incendiarios panfletos pol\u00edticos que entretienen a las clases altas y medias de la ciudad.<br><br>El desenfado y el libertinaje que pregonan esos libros filos\u00f3ficos nunca fue un problema para ella, hasta que recibe a un nuevo cliente que parece dispuesto a juzgar su forma de vida.<br><br><strong>Alex<\/strong> es un arist\u00f3crata reservado que no busca ser, en absoluto, foco de habladur\u00edas o atenciones. En la librer\u00eda de <strong>L\u00e9a<\/strong> descubre un mundo que considera deshonroso, pero tambi\u00e9n atractivo, lleno de libelos subidos de tono, sentencias pol\u00edticas y jugadas sensuales que se esconden en esas p\u00e1ginas prohibidas.<br><br>Su vida dar\u00e1 un vuelco al verse enredado con <strong>L\u00e9a <\/strong>en un esc\u00e1ndalo que los obliga a pasar tiempo juntos para limpiar su imagen.<br><br><em>\u00bfPodr\u00e1n dos mundos tan distintos colisionar hasta fundirse en uno solo?<\/em><br><br><em>\u00bfY ser\u00e1n capaces de arriesgarse lo suficiente como para averiguarlo?<\/em><\/p><\/div><\/div>\n<\/div>\n<\/div><\/div>\n\n\n\n<div class=\"wp-block-uagb-container uagb-block-15735559 alignfull uagb-is-root-container\"><div class=\"uagb-container__shape uagb-container__shape-top\"><svg xmlns=\"https:\/\/www.w3.org\/2000\/svg\" viewBox=\"0 0 700 10\" preserveAspectRatio=\"none\"><path class=\"uagb-container__shape-fill\" d=\"M350,10L340,0h20L350,10z\"><\/path><\/svg><\/div><div class=\"uagb-container-inner-blocks-wrap\">\n<div class=\"wp-block-uagb-container uagb-block-0e96c4c4\">\n<div class=\"wp-block-uagb-testimonial uagb-slick-carousel uagb-tm__arrow-outside uagb-block-c3755eb3\"><div class=\"is-carousel uagb-tm__columns-1 uagb-tm__items\"><div class=\"uagb-testimonial__wrap  uagb-tm__imgicon-style-circle uagb-tm__image-position-bottom uagb-tm__bg-type-none \"><div class=\"uagb-tm__content\"><div class=\"uagb-tm__overlay\"><\/div><div class=\"uagb-tm__text-wrap\"><div class=\"uagb-tm__desc\">&#8220;Me ha encantado una historia preciosa. En esta historia conoceremos a dos hermanos que regentan una librer\u00eda donde venden libros que en aquella \u00e9poca que eran prohibidos donde un amigo de los hermanos le presentan en un futuro. Bar\u00f3n con convicciones muy morales. Alex un hombre reservado con una familia dif\u00edcil sobretodo su hermano metido en varios esc\u00e1ndalos. Lea es una chica alegre y algo impulsiva que se pone en problemas por su oficio que rompe los esquemas y no ataja las reglas en aquella \u00e9poca. Una historia que me ha tenido enganchada desde el principio hasta el final. \u00a1Recomendable!&#8221;<\/div><div class=\"uagb-tm__meta-inner\"><div class=\"uagb-tm__image-content\"><div class=\"uagb-tm__image\"><img decoding=\"async\" class=\"uagb-tm-img-src\" src=\"https:\/\/ceciaguero.com\/wp-content\/uploads\/2023\/12\/2-150x150.jpg\" alt=\"\" width=\"60\" height=\"60\" loading=\"lazy\"\/><\/div><\/div><div class=\"uagb-testimonial-details\"><span class=\"uagb-tm__author-name\">Vanessa<\/span><span class=\"uagb-tm__company\">Amazon<\/span><\/div><\/div><\/div><\/div><\/div><div class=\"uagb-testimonial__wrap  uagb-tm__imgicon-style-circle uagb-tm__image-position-bottom uagb-tm__bg-type-none \"><div class=\"uagb-tm__content\"><div class=\"uagb-tm__overlay\"><\/div><div class=\"uagb-tm__text-wrap\"><div class=\"uagb-tm__desc\">&#8220;Preciosa historia rom\u00e1ntica en \u00e9poca victoriana.<br>La forma de redactar de la autora es maravillosa, llev\u00e1ndote por la trama con una delicadeza que te invita a seguir leyendo, traslad\u00e1ndote los sentimientos de los personajes y el ambiente en el que se desarrolla la historia a la perfecci\u00f3n.<br>Una delicia de libro que te enamorar\u00e1 y te dejar\u00e1 con ganas de saber como contin\u00faa la historia de los protagonistas.&#8221;<\/div><div class=\"uagb-tm__meta-inner\"><div class=\"uagb-tm__image-content\"><div class=\"uagb-tm__image\"><img decoding=\"async\" class=\"uagb-tm-img-src\" src=\"https:\/\/ceciaguero.com\/wp-content\/uploads\/2023\/12\/3-150x150.png\" alt=\"\" width=\"60\" height=\"60\" loading=\"lazy\"\/><\/div><\/div><div class=\"uagb-testimonial-details\"><span class=\"uagb-tm__author-name\">Bego G<\/span><span class=\"uagb-tm__company\">Amazon<\/span><\/div><\/div><\/div><\/div><\/div><div class=\"uagb-testimonial__wrap  uagb-tm__imgicon-style-circle uagb-tm__image-position-bottom uagb-tm__bg-type-none \"><div class=\"uagb-tm__content\"><div class=\"uagb-tm__overlay\"><\/div><div class=\"uagb-tm__text-wrap\"><div class=\"uagb-tm__desc\">&#8220;Tu luz en mis manos es el equilibrio perfecto entre los g\u00e9neros de rom\u00e1ntica e hist\u00f3rica. Por un lado, la autora te traslada en un abrir y cerrar de ojos al Nantes del siglo XVIII, descubri\u00e9ndote con ello un sinf\u00edn de curiosidades sobre la \u00e9poca y la sociedad francesa de entonces. En el otro lado de la balanza, nos presenta a dos personajes que, tras conocerse, se convierten en amigos y se enamoran poco a poco. La naturaleza de su relaci\u00f3n, donde se hablan las cosas y miran por el bien el uno del otro, confiere a la historia de un elevado grado de madurez. Sus tintes er\u00f3ticos, aunque presentes, no son excesivos y casan a la perfecci\u00f3n con el resto de la novela. A pesar de que el desenlace es un tanto abrupto y deja inc\u00f3gnitas por resolver \u2014parece dejar la puerta abierta a una continuaci\u00f3n\u2014, merece mucho la pena adentrarse en esta obra y descubrir por uno mismo todas sus bondades.&#8221;<\/div><div class=\"uagb-tm__meta-inner\"><div class=\"uagb-tm__image-content\"><div class=\"uagb-tm__image\"><img decoding=\"async\" class=\"uagb-tm-img-src\" src=\"https:\/\/ceciaguero.com\/wp-content\/uploads\/2023\/12\/3-150x150.jpg\" alt=\"\" width=\"60\" height=\"60\" loading=\"lazy\"\/><\/div><\/div><div class=\"uagb-testimonial-details\"><span class=\"uagb-tm__author-name\"><a href=\"https:\/\/www.goodreads.com\/user\/show\/71551033-yolanda-galiana\">Yolanda Galiana<\/a><\/span><span class=\"uagb-tm__company\">Goodreads<\/span><\/div><\/div><\/div><\/div><\/div><\/div><\/div>\n<\/div>\n<\/div><\/div>\n\n\n\n<div class=\"wp-block-uagb-container uagb-block-3e5e916d alignfull uagb-is-root-container\"><div class=\"uagb-container-inner-blocks-wrap\">\n<div class=\"wp-block-uagb-container uagb-block-675e041b alignfull uagb-is-root-container\"><div class=\"uagb-container-inner-blocks-wrap\">\n<div class=\"wp-block-uagb-buttons uagb-buttons__outer-wrap uagb-btn__default-btn uagb-btn-tablet__default-btn uagb-btn-mobile__default-btn uagb-block-976434d7\"><div class=\"uagb-buttons__wrap uagb-buttons-layout-wrap\">\n<div class=\"wp-block-uagb-buttons-child uagb-buttons__outer-wrap uagb-block-7ef4d719 wp-block-button\"><div class=\"uagb-button__wrapper\"><a class=\"uagb-buttons-repeater wp-block-button__link\" href=\"https:\/\/ceciaguero.com\/\" onclick=\"return true;\" rel=\"follow noopener\" target=\"_self\"><span class=\"uagb-button__icon uagb-button__icon-position-before\"><svg xmlns=\"https:\/\/www.w3.org\/2000\/svg\" viewBox=\"0 0 512 512\"><path d=\"M9.375 233.4l128-128c12.5-12.5 32.75-12.5 45.25 0s12.5 32.75 0 45.25L109.3 224H480c17.69 0 32 14.31 32 32s-14.31 32-32 32H109.3l73.38 73.38c12.5 12.5 12.5 32.75 0 45.25c-12.49 12.49-32.74 12.51-45.25 0l-128-128C-3.125 266.1-3.125 245.9 9.375 233.4z\"><\/path><\/svg><\/span><div class=\"uagb-button__link\">Inicio<\/div><\/a><\/div><\/div>\n<\/div><\/div>\n<\/div><\/div>\n<\/div><\/div>\n","protected":false},"excerpt":{"rendered":"","protected":false},"author":1,"featured_media":0,"parent":0,"menu_order":0,"comment_status":"closed","ping_status":"closed","template":"","meta":{"_uag_custom_page_level_css":"","site-sidebar-layout":"no-sidebar","site-content-layout":"page-builder","ast-site-content-layout":"full-width-container","site-content-style":"unboxed","site-sidebar-style":"unboxed","ast-global-header-display":"","ast-banner-title-visibility":"","ast-main-header-display":"","ast-hfb-above-header-display":"","ast-hfb-below-header-display":"","ast-hfb-mobile-header-display":"","site-post-title":"disabled","ast-breadcrumbs-content":"disabled","ast-featured-img":"disabled","footer-sml-layout":"","theme-transparent-header-meta":"enabled","adv-header-id-meta":"","stick-header-meta":"","header-above-stick-meta":"","header-main-stick-meta":"","header-below-stick-meta":"","astra-migrate-meta-layouts":"set","ast-page-background-enabled":"default","ast-page-background-meta":{"desktop":{"background-color":"var(--ast-global-color-4)","background-image":"","background-repeat":"repeat","background-position":"center center","background-size":"auto","background-attachment":"scroll","background-type":"","background-media":"","overlay-type":"","overlay-color":"","overlay-gradient":""},"tablet":{"background-color":"","background-image":"","background-repeat":"repeat","background-position":"center center","background-size":"auto","background-attachment":"scroll","background-type":"","background-media":"","overlay-type":"","overlay-color":"","overlay-gradient":""},"mobile":{"background-color":"","background-image":"","background-repeat":"repeat","background-position":"center center","background-size":"auto","background-attachment":"scroll","background-type":"","background-media":"","overlay-type":"","overlay-color":"","overlay-gradient":""}},"ast-content-background-meta":{"desktop":{"background-color":"var(--ast-global-color-5)","background-image":"","background-repeat":"repeat","background-position":"center center","background-size":"auto","background-attachment":"scroll","background-type":"","background-media":"","overlay-type":"","overlay-color":"","overlay-gradient":""},"tablet":{"background-color":"var(--ast-global-color-5)","background-image":"","background-repeat":"repeat","background-position":"center center","background-size":"auto","background-attachment":"scroll","background-type":"","background-media":"","overlay-type":"","overlay-color":"","overlay-gradient":""},"mobile":{"background-color":"var(--ast-global-color-5)","background-image":"","background-repeat":"repeat","background-position":"center center","background-size":"auto","background-attachment":"scroll","background-type":"","background-media":"","overlay-type":"","overlay-color":"","overlay-gradient":""}},"footnotes":""},"class_list":["post-2105","page","type-page","status-publish","hentry"],"uagb_featured_image_src":{"full":false,"thumbnail":false,"medium":false,"medium_large":false,"large":false,"1536x1536":false,"2048x2048":false},"uagb_author_info":{"display_name":"cecizneh","author_link":"https:\/\/ceciaguero.com\/index.php\/author\/cecizneh\/"},"uagb_comment_info":0,"uagb_excerpt":null,"_links":{"self":[{"href":"https:\/\/ceciaguero.com\/index.php\/wp-json\/wp\/v2\/pages\/2105","targetHints":{"allow":["GET"]}}],"collection":[{"href":"https:\/\/ceciaguero.com\/index.php\/wp-json\/wp\/v2\/pages"}],"about":[{"href":"https:\/\/ceciaguero.com\/index.php\/wp-json\/wp\/v2\/types\/page"}],"author":[{"embeddable":true,"href":"https:\/\/ceciaguero.com\/index.php\/wp-json\/wp\/v2\/users\/1"}],"replies":[{"embeddable":true,"href":"https:\/\/ceciaguero.com\/index.php\/wp-json\/wp\/v2\/comments?post=2105"}],"version-history":[{"count":12,"href":"https:\/\/ceciaguero.com\/index.php\/wp-json\/wp\/v2\/pages\/2105\/revisions"}],"predecessor-version":[{"id":2285,"href":"https:\/\/ceciaguero.com\/index.php\/wp-json\/wp\/v2\/pages\/2105\/revisions\/2285"}],"wp:attachment":[{"href":"https:\/\/ceciaguero.com\/index.php\/wp-json\/wp\/v2\/media?parent=2105"}],"curies":[{"name":"wp","href":"https:\/\/api.w.org\/{rel}","templated":true}]}}