{"id":2278,"date":"2024-03-26T12:29:51","date_gmt":"2024-03-26T15:29:51","guid":{"rendered":"https:\/\/ceciaguero.com\/?page_id=2278"},"modified":"2024-03-26T12:47:02","modified_gmt":"2024-03-26T15:47:02","slug":"donde-habita-la-tormenta","status":"publish","type":"page","link":"https:\/\/ceciaguero.com\/index.php\/donde-habita-la-tormenta\/","title":{"rendered":"Donde habita la tormenta"},"content":{"rendered":"\n<div class=\"wp-block-uagb-container uagb-block-e6dd0616 alignfull uagb-is-root-container\"><div class=\"uagb-container-inner-blocks-wrap\">\n<div class=\"wp-block-uagb-container uagb-block-1a07952f alignfull uagb-is-root-container\"><div class=\"uagb-container-inner-blocks-wrap\">\n<div class=\"wp-block-uagb-image aligncenter uagb-block-a5e4aac9 wp-block-uagb-image--layout-default wp-block-uagb-image--effect-static wp-block-uagb-image--align-center\"><figure class=\"wp-block-uagb-image__figure\"><img decoding=\"async\" srcset=\"https:\/\/ceciaguero.com\/wp-content\/uploads\/2024\/03\/Donde-habita-la-tormenta-1.jpg ,https:\/\/ceciaguero.com\/wp-content\/uploads\/2024\/03\/Donde-habita-la-tormenta-1.jpg 780w, https:\/\/ceciaguero.com\/wp-content\/uploads\/2024\/03\/Donde-habita-la-tormenta-1.jpg 360w\" sizes=\"auto, (max-width: 480px) 150px\" src=\"https:\/\/ceciaguero.com\/wp-content\/uploads\/2024\/03\/Donde-habita-la-tormenta-1.jpg\" alt=\"\" class=\"uag-image-2275\" width=\"336\" height=\"514\" title=\"Donde-habita-la-tormenta\" loading=\"lazy\" role=\"img\"\/><\/figure><\/div>\n<\/div><\/div>\n\n\n\n<div class=\"wp-block-uagb-container uagb-block-52e64759\">\n<div class=\"wp-block-uagb-info-box uagb-block-3ec49075 uagb-infobox__content-wrap  uagb-infobox-icon-above-title uagb-infobox-image-valign-top\"><div class=\"uagb-ifb-content\"><div class=\"uagb-ifb-title-wrap\"><h3 class=\"uagb-ifb-title-prefix\">\u00bfEs posible concluir una historia abierta hace m\u00e1s de veinte a\u00f1os? \u00bfEs posible cambiar la naturaleza humana?<\/h3><h2 class=\"uagb-ifb-title\">Donde habita la tormenta<\/h2><\/div><p class=\"uagb-ifb-desc\"><strong>Emmanuel Lorient<\/strong> despierta un d\u00eda en <strong>la Bastille<\/strong> despu\u00e9s de d\u00e9cadas caminando al borde del precipicio con un comportamiento deleznable, ego\u00edsta y caprichoso.<br>Ahora, metido en un problema mucho m\u00e1s grande que su ego, reflexiona sobre qu\u00e9 le hizo caer tan bajo. Con ayuda de unos ni\u00f1os harapientos y rebeldes que se encuentran presos con \u00e9l, comienza el largo y tortuoso sendero para recuperar parte de la humanidad que cre\u00eda perdida.<br><br><strong>En Nantes, Babette<\/strong> ha construido una vida que no esperaba, pero que la llena de satisfacci\u00f3n. Pensada para ser una mu\u00f1eca junto a un hombre, termin\u00f3 por ser una personalidad destacada y bajo su nombre se arremolinan soir\u00e9es intelectuales de gran prestigio.<br><br>Sin embargo, todo lo que dej\u00f3 atr\u00e1s regresa para golpearla con fuerza cuando se entera de que <strong>Emmanuel est\u00e1 preso en Par\u00eds.<\/strong> De pronto, se abre frente a ella una encrucijada: mantener su existencia al margen de Emmanuel o regresar a por lo que le ha hecho tanto da\u00f1o y, tal vez, sanar su coraz\u00f3n herido.<br><br><em>\u00bfExiste una segunda oportunidad para el amor, despu\u00e9s de que la primera terminase&nbsp;sangrando?<\/em><br><\/p><\/div><\/div>\n<\/div>\n<\/div><\/div>\n\n\n\n<div class=\"wp-block-uagb-container uagb-block-3e5e916d alignfull uagb-is-root-container\"><div class=\"uagb-container-inner-blocks-wrap\">\n<div class=\"wp-block-uagb-container uagb-block-675e041b alignfull uagb-is-root-container\"><div class=\"uagb-container-inner-blocks-wrap\">\n<div class=\"wp-block-uagb-buttons uagb-buttons__outer-wrap uagb-btn__default-btn uagb-btn-tablet__default-btn uagb-btn-mobile__default-btn uagb-block-976434d7\"><div class=\"uagb-buttons__wrap uagb-buttons-layout-wrap\">\n<div class=\"wp-block-uagb-buttons-child uagb-buttons__outer-wrap uagb-block-7ef4d719 wp-block-button\"><div class=\"uagb-button__wrapper\"><a class=\"uagb-buttons-repeater wp-block-button__link\" aria-label=\"\" href=\"https:\/\/ceciaguero.com\/\" rel=\"follow noopener\" target=\"_self\"><span class=\"uagb-button__icon uagb-button__icon-position-before\"><svg xmlns=\"https:\/\/www.w3.org\/2000\/svg\" viewBox=\"0 0 512 512\" aria-hidden=\"true\" focussable=\"false\"><path d=\"M9.375 233.4l128-128c12.5-12.5 32.75-12.5 45.25 0s12.5 32.75 0 45.25L109.3 224H480c17.69 0 32 14.31 32 32s-14.31 32-32 32H109.3l73.38 73.38c12.5 12.5 12.5 32.75 0 45.25c-12.49 12.49-32.74 12.51-45.25 0l-128-128C-3.125 266.1-3.125 245.9 9.375 233.4z\"><\/path><\/svg><\/span><div class=\"uagb-button__link\">Inicio<\/div><\/a><\/div><\/div>\n<\/div><\/div>\n<\/div><\/div>\n<\/div><\/div>\n","protected":false},"excerpt":{"rendered":"","protected":false},"author":1,"featured_media":0,"parent":0,"menu_order":0,"comment_status":"closed","ping_status":"closed","template":"","meta":{"_uag_custom_page_level_css":"","site-sidebar-layout":"no-sidebar","site-content-layout":"page-builder","ast-site-content-layout":"full-width-container","site-content-style":"unboxed","site-sidebar-style":"unboxed","ast-global-header-display":"","ast-banner-title-visibility":"","ast-main-header-display":"","ast-hfb-above-header-display":"","ast-hfb-below-header-display":"","ast-hfb-mobile-header-display":"","site-post-title":"disabled","ast-breadcrumbs-content":"disabled","ast-featured-img":"disabled","footer-sml-layout":"","theme-transparent-header-meta":"enabled","adv-header-id-meta":"","stick-header-meta":"","header-above-stick-meta":"","header-main-stick-meta":"","header-below-stick-meta":"","astra-migrate-meta-layouts":"set","ast-page-background-enabled":"default","ast-page-background-meta":{"desktop":{"background-color":"var(--ast-global-color-4)","background-image":"","background-repeat":"repeat","background-position":"center center","background-size":"auto","background-attachment":"scroll","background-type":"","background-media":"","overlay-type":"","overlay-color":"","overlay-gradient":""},"tablet":{"background-color":"","background-image":"","background-repeat":"repeat","background-position":"center center","background-size":"auto","background-attachment":"scroll","background-type":"","background-media":"","overlay-type":"","overlay-color":"","overlay-gradient":""},"mobile":{"background-color":"","background-image":"","background-repeat":"repeat","background-position":"center center","background-size":"auto","background-attachment":"scroll","background-type":"","background-media":"","overlay-type":"","overlay-color":"","overlay-gradient":""}},"ast-content-background-meta":{"desktop":{"background-color":"var(--ast-global-color-5)","background-image":"","background-repeat":"repeat","background-position":"center center","background-size":"auto","background-attachment":"scroll","background-type":"","background-media":"","overlay-type":"","overlay-color":"","overlay-gradient":""},"tablet":{"background-color":"var(--ast-global-color-5)","background-image":"","background-repeat":"repeat","background-position":"center center","background-size":"auto","background-attachment":"scroll","background-type":"","background-media":"","overlay-type":"","overlay-color":"","overlay-gradient":""},"mobile":{"background-color":"var(--ast-global-color-5)","background-image":"","background-repeat":"repeat","background-position":"center center","background-size":"auto","background-attachment":"scroll","background-type":"","background-media":"","overlay-type":"","overlay-color":"","overlay-gradient":""}},"footnotes":""},"class_list":["post-2278","page","type-page","status-publish","hentry"],"uagb_featured_image_src":{"full":false,"thumbnail":false,"medium":false,"medium_large":false,"large":false,"1536x1536":false,"2048x2048":false},"uagb_author_info":{"display_name":"cecizneh","author_link":"https:\/\/ceciaguero.com\/index.php\/author\/cecizneh\/"},"uagb_comment_info":0,"uagb_excerpt":null,"_links":{"self":[{"href":"https:\/\/ceciaguero.com\/index.php\/wp-json\/wp\/v2\/pages\/2278","targetHints":{"allow":["GET"]}}],"collection":[{"href":"https:\/\/ceciaguero.com\/index.php\/wp-json\/wp\/v2\/pages"}],"about":[{"href":"https:\/\/ceciaguero.com\/index.php\/wp-json\/wp\/v2\/types\/page"}],"author":[{"embeddable":true,"href":"https:\/\/ceciaguero.com\/index.php\/wp-json\/wp\/v2\/users\/1"}],"replies":[{"embeddable":true,"href":"https:\/\/ceciaguero.com\/index.php\/wp-json\/wp\/v2\/comments?post=2278"}],"version-history":[{"count":4,"href":"https:\/\/ceciaguero.com\/index.php\/wp-json\/wp\/v2\/pages\/2278\/revisions"}],"predecessor-version":[{"id":2289,"href":"https:\/\/ceciaguero.com\/index.php\/wp-json\/wp\/v2\/pages\/2278\/revisions\/2289"}],"wp:attachment":[{"href":"https:\/\/ceciaguero.com\/index.php\/wp-json\/wp\/v2\/media?parent=2278"}],"curies":[{"name":"wp","href":"https:\/\/api.w.org\/{rel}","templated":true}]}}